{"id":7006,"date":"2022-05-31T10:30:51","date_gmt":"2022-05-31T08:30:51","guid":{"rendered":"https:\/\/caribemarketing.it\/comex\/ambiente\/"},"modified":"2024-10-24T09:02:43","modified_gmt":"2024-10-24T07:02:43","slug":"ambiente","status":"publish","type":"page","link":"https:\/\/comexpumps.com\/it\/ambiente\/","title":{"rendered":"Ambiente"},"content":{"rendered":"\t\t<div data-elementor-type=\"wp-post\" data-elementor-id=\"7006\" class=\"elementor elementor-7006 elementor-3853\" data-elementor-post-type=\"page\">\n\t\t\t\t\t\t<section class=\"elementor-section elementor-top-section elementor-element elementor-element-bd96ced elementor-section-full_width elementor-section-height-default elementor-section-height-default\" data-id=\"bd96ced\" data-element_type=\"section\" data-settings=\"{&quot;background_background&quot;:&quot;classic&quot;}\">\n\t\t\t\t\t\t<div class=\"elementor-container elementor-column-gap-no\">\n\t\t\t\t\t<div class=\"elementor-column elementor-col-100 elementor-top-column elementor-element elementor-element-9a68df8\" data-id=\"9a68df8\" data-element_type=\"column\">\n\t\t\t<div class=\"elementor-widget-wrap elementor-element-populated\">\n\t\t\t\t\t\t<div class=\"elementor-element elementor-element-fb465b9 elementor-widget elementor-widget-template\" data-id=\"fb465b9\" data-element_type=\"widget\" data-widget_type=\"template.default\">\n\t\t\t\t<div class=\"elementor-widget-container\">\n\t\t\t\t\t<div class=\"elementor-template\">\n\t\t\t\t\t<div data-elementor-type=\"section\" data-elementor-id=\"2053\" class=\"elementor elementor-2053\" data-elementor-post-type=\"elementor_library\">\n\t\t\t\t\t<section class=\"elementor-section elementor-top-section elementor-element elementor-element-3725f9e7 elementor-section-height-min-height elementor-section-content-bottom elementor-section-boxed elementor-section-height-default elementor-section-items-middle\" data-id=\"3725f9e7\" data-element_type=\"section\" data-settings=\"{&quot;background_background&quot;:&quot;classic&quot;}\">\n\t\t\t\t\t\t\t<div class=\"elementor-background-overlay\"><\/div>\n\t\t\t\t\t\t\t<div class=\"elementor-container elementor-column-gap-no\">\n\t\t\t\t\t<div class=\"elementor-column elementor-col-100 elementor-top-column elementor-element elementor-element-75972a8f\" data-id=\"75972a8f\" data-element_type=\"column\">\n\t\t\t<div class=\"elementor-widget-wrap elementor-element-populated\">\n\t\t\t\t\t\t<div class=\"elementor-element elementor-element-7622fb3 elementor-widget elementor-widget-heading\" data-id=\"7622fb3\" data-element_type=\"widget\" data-widget_type=\"heading.default\">\n\t\t\t\t<div class=\"elementor-widget-container\">\n\t\t\t<h2 class=\"elementor-heading-title elementor-size-default\">Ambiente<\/h2>\t\t<\/div>\n\t\t\t\t<\/div>\n\t\t\t\t\t<\/div>\n\t\t<\/div>\n\t\t\t\t\t<\/div>\n\t\t<\/section>\n\t\t\t\t<\/div>\n\t\t\t\t<\/div>\n\t\t\t\t<\/div>\n\t\t\t\t<\/div>\n\t\t\t\t\t<\/div>\n\t\t<\/div>\n\t\t\t\t\t<\/div>\n\t\t<\/section>\n\t\t\t\t<section class=\"elementor-section elementor-top-section elementor-element elementor-element-5bab5e22 elementor-section-content-top elementor-section-boxed elementor-section-height-default elementor-section-height-default\" data-id=\"5bab5e22\" data-element_type=\"section\" data-settings=\"{&quot;background_background&quot;:&quot;classic&quot;}\">\n\t\t\t\t\t\t<div class=\"elementor-container elementor-column-gap-no\">\n\t\t\t\t\t<div class=\"elementor-column elementor-col-50 elementor-top-column elementor-element elementor-element-2c72dcdd\" data-id=\"2c72dcdd\" data-element_type=\"column\">\n\t\t\t<div class=\"elementor-widget-wrap elementor-element-populated\">\n\t\t\t\t\t\t<div class=\"elementor-element elementor-element-54e26580 elementor-widget elementor-widget-heading\" data-id=\"54e26580\" data-element_type=\"widget\" data-widget_type=\"heading.default\">\n\t\t\t\t<div class=\"elementor-widget-container\">\n\t\t\t<h2 class=\"elementor-heading-title elementor-size-default\">AMBIENTE<\/h2>\t\t<\/div>\n\t\t\t\t<\/div>\n\t\t\t\t<div class=\"elementor-element elementor-element-1d644c19 elementor-widget elementor-widget-text-editor\" data-id=\"1d644c19\" data-element_type=\"widget\" data-widget_type=\"text-editor.default\">\n\t\t\t\t<div class=\"elementor-widget-container\">\n\t\t\t\t\t\t\t<p class=\"p1\"><span style=\"font-family: -apple-system, BlinkMacSystemFont, 'Segoe UI', Roboto, 'Helvetica Neue', Arial, 'Noto Sans', sans-serif, 'Apple Color Emoji', 'Segoe UI Emoji', 'Segoe UI Symbol', 'Noto Color Emoji'; font-size: 1rem;\">La sede della nostra azienda \u00e8 situata all&#8217;interno di un parco naturale che mira a preservare la flora e la fauna lungo il percorso del fiume Sile, il fiume di risorgiva pi\u00f9 lungo d&#8217;Europa.<\/span><\/p>\n<p class=\"p1\">La nostra attivit\u00e0 \u00e8 iniziata molti anni fa in questo paradiso naturale e qui si \u00e8 sempre sviluppata con la massima attenzione per tutelare l&#8217;ecosistema di questo fiume dalle acque cristalline e lungo le cui sponde nidificano numerose specie di uccelli.<\/p>\n<p class=\"p1\"><span class=\"Apple-converted-space\"> <\/span>Da qui nasce la nostra priorit\u00e0 nella tutela dell\u2019ambiente.<span class=\"Apple-converted-space\"> <\/span><\/p>\n<p class=\"p3\">Per ridurre la nostra impronta sull\u2019ecosistema abbiamo reso i nostri processi produttivi molto efficienti limitando il pi\u00f9 possibile le emissioni ed abbiamo sviluppato parti idrauliche e motori elettrici innovativi per ridurre il consumo energetico dei nostri prodotti. Infine, uno dei nostri principali obiettivi progettuali \u00e8 sempre stato quello di creare prodotti che durassero nel tempo anche in condizioni di lavoro gravose riducendo cos\u00ec notevolmente la quantit\u00e0 di rifiuti da smaltire nell&#8217;ambiente. <\/p>\n\t\t\t\t\t\t<\/div>\n\t\t\t\t<\/div>\n\t\t\t\t<div class=\"elementor-element elementor-element-7fc7ab8 elementor-widget elementor-widget-heading\" data-id=\"7fc7ab8\" data-element_type=\"widget\" data-widget_type=\"heading.default\">\n\t\t\t\t<div class=\"elementor-widget-container\">\n\t\t\t<h2 class=\"elementor-heading-title elementor-size-default\">Smaltimento del materiale di imballaggio<\/h2>\t\t<\/div>\n\t\t\t\t<\/div>\n\t\t\t\t<div class=\"elementor-element elementor-element-7945301 elementor-widget elementor-widget-text-editor\" data-id=\"7945301\" data-element_type=\"widget\" data-widget_type=\"text-editor.default\">\n\t\t\t\t<div class=\"elementor-widget-container\">\n\t\t\t\t\t\t\t<p class=\"p3\">Per proteggere e consegnare i nostri prodotti in tutto il mondo utilizziamo solo imballaggi realizzati con materiali riciclabili e ne utilizziamo la minima quantit\u00e0 possibile. Si prega di leggere la tabella sottostante e di smaltire i vari componenti dell&#8217;imballo negli appositi contenitori per la raccolta differenziata. <span class=\"Apple-converted-space\"> <\/span><\/p>\n<p class=\"p3\">Aiutaci a proteggere l&#8217;ambiente!<\/p>\n\t\t\t\t\t\t<\/div>\n\t\t\t\t<\/div>\n\t\t\t\t\t<\/div>\n\t\t<\/div>\n\t\t\t\t<div class=\"elementor-column elementor-col-50 elementor-top-column elementor-element elementor-element-46e14e27\" data-id=\"46e14e27\" data-element_type=\"column\" data-settings=\"{&quot;background_background&quot;:&quot;classic&quot;}\">\n\t\t\t<div class=\"elementor-widget-wrap elementor-element-populated\">\n\t\t\t\t\t<div class=\"elementor-background-overlay\"><\/div>\n\t\t\t\t\t\t<section class=\"elementor-section elementor-inner-section elementor-element elementor-element-ff95da2 elementor-section-full_width elementor-section-height-default elementor-section-height-default\" data-id=\"ff95da2\" data-element_type=\"section\" data-settings=\"{&quot;sticky&quot;:&quot;top&quot;,&quot;sticky_on&quot;:[&quot;desktop&quot;,&quot;tablet&quot;],&quot;sticky_offset&quot;:50,&quot;sticky_parent&quot;:&quot;yes&quot;,&quot;sticky_effects_offset&quot;:0}\">\n\t\t\t\t\t\t<div class=\"elementor-container elementor-column-gap-no\">\n\t\t\t\t\t<div class=\"elementor-column elementor-col-100 elementor-inner-column elementor-element elementor-element-7ad08f0\" data-id=\"7ad08f0\" data-element_type=\"column\">\n\t\t\t<div class=\"elementor-widget-wrap elementor-element-populated\">\n\t\t\t\t\t\t<div class=\"elementor-element elementor-element-0f5fe12 elementor--h-position-center elementor--v-position-middle elementor-arrows-position-inside elementor-pagination-position-inside elementor-widget elementor-widget-slides\" data-id=\"0f5fe12\" data-element_type=\"widget\" data-settings=\"{&quot;navigation&quot;:&quot;both&quot;,&quot;autoplay&quot;:&quot;yes&quot;,&quot;pause_on_hover&quot;:&quot;yes&quot;,&quot;pause_on_interaction&quot;:&quot;yes&quot;,&quot;autoplay_speed&quot;:5000,&quot;infinite&quot;:&quot;yes&quot;,&quot;transition&quot;:&quot;slide&quot;,&quot;transition_speed&quot;:500}\" data-widget_type=\"slides.default\">\n\t\t\t\t<div class=\"elementor-widget-container\">\n\t\t\t\t\t<div class=\"elementor-swiper\">\n\t\t\t<div class=\"elementor-slides-wrapper elementor-main-swiper swiper\" dir=\"ltr\" data-animation=\"fadeInUp\">\n\t\t\t\t<div class=\"swiper-wrapper elementor-slides\">\n\t\t\t\t\t\t\t\t\t\t<div class=\"elementor-repeater-item-441ffbb swiper-slide\"><div class=\"swiper-slide-bg\" role=\"img\"><\/div><div class=\"swiper-slide-inner\" ><div class=\"swiper-slide-contents\"><\/div><\/div><\/div><div class=\"elementor-repeater-item-b197430 swiper-slide\"><div class=\"swiper-slide-bg\" role=\"img\"><\/div><div class=\"swiper-slide-inner\" ><div class=\"swiper-slide-contents\"><\/div><\/div><\/div>\t\t\t\t<\/div>\n\t\t\t\t\t\t\t\t\t\t\t\t\t\t\t<div class=\"swiper-pagination\"><\/div>\n\t\t\t\t\t\t\t\t\t\t\t\t\t\t\t\t<div class=\"elementor-swiper-button elementor-swiper-button-prev\" role=\"button\" tabindex=\"0\">\n\t\t\t\t\t\t\t<i aria-hidden=\"true\" class=\"eicon-chevron-left\"><\/i>\t\t\t\t\t\t\t<span class=\"elementor-screen-only\">Diapositiva precedente<\/span>\n\t\t\t\t\t\t<\/div>\n\t\t\t\t\t\t<div class=\"elementor-swiper-button elementor-swiper-button-next\" role=\"button\" tabindex=\"0\">\n\t\t\t\t\t\t\t<i aria-hidden=\"true\" class=\"eicon-chevron-right\"><\/i>\t\t\t\t\t\t\t<span class=\"elementor-screen-only\">Prossima diapositiva<\/span>\n\t\t\t\t\t\t<\/div>\n\t\t\t\t\t\t\t\t\t\t\t\t<\/div>\n\t\t<\/div>\n\t\t\t\t<\/div>\n\t\t\t\t<\/div>\n\t\t\t\t<div class=\"elementor-element elementor-element-23c55282 elementor-widget elementor-widget-heading\" data-id=\"23c55282\" data-element_type=\"widget\" data-widget_type=\"heading.default\">\n\t\t\t\t<div class=\"elementor-widget-container\">\n\t\t\t<h6 class=\"elementor-heading-title elementor-size-default\">Parco del sile<\/h6>\t\t<\/div>\n\t\t\t\t<\/div>\n\t\t\t\t\t<\/div>\n\t\t<\/div>\n\t\t\t\t\t<\/div>\n\t\t<\/section>\n\t\t\t\t\t<\/div>\n\t\t<\/div>\n\t\t\t\t\t<\/div>\n\t\t<\/section>\n\t\t\t\t<section class=\"elementor-section elementor-top-section elementor-element elementor-element-dee96fb elementor-section-boxed elementor-section-height-default elementor-section-height-default\" data-id=\"dee96fb\" data-element_type=\"section\">\n\t\t\t\t\t\t<div class=\"elementor-container elementor-column-gap-default\">\n\t\t\t\t\t<div class=\"elementor-column elementor-col-100 elementor-top-column elementor-element elementor-element-bf8c103\" data-id=\"bf8c103\" data-element_type=\"column\">\n\t\t\t<div class=\"elementor-widget-wrap elementor-element-populated\">\n\t\t\t\t\t\t<div class=\"elementor-element elementor-element-64ae72c elementor-widget elementor-widget-html\" data-id=\"64ae72c\" data-element_type=\"widget\" data-widget_type=\"html.default\">\n\t\t\t\t<div class=\"elementor-widget-container\">\n\t\t\t<table>\n<tr><td><b>ARTICOLO<\/b><\/td><td><b>SIMBOLO MATERIALE<\/b><\/td><td><b>DESCRIZIONE MATERIALE<\/b><\/td><td><b>TIPO RACCOLTA RIFIUTO<\/b><\/td><\/tr>\n<tr><td>Scatola di cartone<\/td><td><img decoding=\"async\" src=\"https:\/\/comexpumps.com\/wp-content\/uploads\/2024\/08\/lsimbolo-6ps.jpg\" width=\"50px\"><\/td><td>Carta - Cartone<\/td><td>CARTA<\/td><\/tr>\n<tr><td>Polyfilm bianco per protezione pallet<\/td><td><img decoding=\"async\" src=\"https:\/\/comexpumps.com\/wp-content\/uploads\/2024\/08\/lsimbolo-20pap.jpg\" width=\"50px\"><\/td><td>Polietilene a bassa densit\u00e0<\/td><td>PLASTICA<\/td><\/tr>\n<tr><td>Sacchetto di plastica<\/td><td><img decoding=\"async\" src=\"https:\/\/comexpumps.com\/wp-content\/uploads\/2024\/08\/lsimbolo-4ldpe.jpg\" width=\"50px\"><\/td><td>Polietilene a bassa densit\u00e0<\/td><td>PLASTICA<\/td><\/tr>\n<tr><td>Polifilm bianco per la protezione dei pallet<\/td><td><img decoding=\"async\" src=\"https:\/\/comexpumps.com\/wp-content\/uploads\/2024\/08\/lsimbolo-4ldpe.jpg\" width=\"50px\"><\/td><td>Polietilene a bassa densit\u00e0<\/td><td>PLASTICA<\/td><\/tr>\n\n\n<\/table>\t\t<\/div>\n\t\t\t\t<\/div>\n\t\t\t\t\t<\/div>\n\t\t<\/div>\n\t\t\t\t\t<\/div>\n\t\t<\/section>\n\t\t\t\t<\/div>\n\t\t","protected":false},"excerpt":{"rendered":"<p>AMBIENTE La sede della nostra azienda \u00e8 situata all&#8217;interno di un parco naturale che mira a preservare la flora e la fauna lungo il percorso del fiume Sile, il fiume di risorgiva pi\u00f9 lungo d&#8217;Europa. La nostra attivit\u00e0 \u00e8 iniziata molti anni fa in questo paradiso naturale e qui si \u00e8 sempre sviluppata con la [&hellip;]<\/p>\n","protected":false},"author":4,"featured_media":6918,"parent":0,"menu_order":0,"comment_status":"closed","ping_status":"closed","template":"","meta":{"footnotes":""},"class_list":["post-7006","page","type-page","status-publish","has-post-thumbnail","hentry"],"yoast_head":"<!-- This site is optimized with the Yoast SEO plugin v23.7 - https:\/\/yoast.com\/wordpress\/plugins\/seo\/ -->\n<title>Ambiente - COMEX PUMP<\/title>\n<meta name=\"robots\" content=\"index, follow, max-snippet:-1, max-image-preview:large, max-video-preview:-1\" \/>\n<link rel=\"canonical\" href=\"https:\/\/comexpumps.com\/it\/ambiente\/\" \/>\n<meta property=\"og:locale\" content=\"it_IT\" \/>\n<meta property=\"og:type\" content=\"article\" \/>\n<meta property=\"og:title\" content=\"Ambiente - COMEX PUMP\" \/>\n<meta property=\"og:description\" content=\"AMBIENTE La sede della nostra azienda \u00e8 situata all&#8217;interno di un parco naturale che mira a preservare la flora e la fauna lungo il percorso del fiume Sile, il fiume di risorgiva pi\u00f9 lungo d&#8217;Europa. La nostra attivit\u00e0 \u00e8 iniziata molti anni fa in questo paradiso naturale e qui si \u00e8 sempre sviluppata con la [&hellip;]\" \/>\n<meta property=\"og:url\" content=\"https:\/\/comexpumps.com\/it\/ambiente\/\" \/>\n<meta property=\"og:site_name\" content=\"COMEX PUMP\" \/>\n<meta property=\"article:modified_time\" content=\"2024-10-24T07:02:43+00:00\" \/>\n<meta property=\"og:image\" content=\"https:\/\/comexpumps.com\/wp-content\/uploads\/2024\/09\/sile_02.jpg\" \/>\n\t<meta property=\"og:image:width\" content=\"2000\" \/>\n\t<meta property=\"og:image:height\" content=\"1333\" \/>\n\t<meta property=\"og:image:type\" content=\"image\/jpeg\" \/>\n<meta name=\"twitter:card\" content=\"summary_large_image\" \/>\n<meta name=\"twitter:label1\" content=\"Tempo di lettura stimato\" \/>\n\t<meta name=\"twitter:data1\" content=\"3 minuti\" \/>\n<script type=\"application\/ld+json\" class=\"yoast-schema-graph\">{\"@context\":\"https:\/\/schema.org\",\"@graph\":[{\"@type\":\"WebPage\",\"@id\":\"https:\/\/comexpumps.com\/it\/ambiente\/\",\"url\":\"https:\/\/comexpumps.com\/it\/ambiente\/\",\"name\":\"Ambiente - COMEX PUMP\",\"isPartOf\":{\"@id\":\"https:\/\/comexpumps.com\/it\/#website\"},\"primaryImageOfPage\":{\"@id\":\"https:\/\/comexpumps.com\/it\/ambiente\/#primaryimage\"},\"image\":{\"@id\":\"https:\/\/comexpumps.com\/it\/ambiente\/#primaryimage\"},\"thumbnailUrl\":\"https:\/\/comexpumps.com\/wp-content\/uploads\/2024\/09\/sile_02.jpg\",\"datePublished\":\"2022-05-31T08:30:51+00:00\",\"dateModified\":\"2024-10-24T07:02:43+00:00\",\"breadcrumb\":{\"@id\":\"https:\/\/comexpumps.com\/it\/ambiente\/#breadcrumb\"},\"inLanguage\":\"it-IT\",\"potentialAction\":[{\"@type\":\"ReadAction\",\"target\":[\"https:\/\/comexpumps.com\/it\/ambiente\/\"]}]},{\"@type\":\"ImageObject\",\"inLanguage\":\"it-IT\",\"@id\":\"https:\/\/comexpumps.com\/it\/ambiente\/#primaryimage\",\"url\":\"https:\/\/comexpumps.com\/wp-content\/uploads\/2024\/09\/sile_02.jpg\",\"contentUrl\":\"https:\/\/comexpumps.com\/wp-content\/uploads\/2024\/09\/sile_02.jpg\",\"width\":2000,\"height\":1333},{\"@type\":\"BreadcrumbList\",\"@id\":\"https:\/\/comexpumps.com\/it\/ambiente\/#breadcrumb\",\"itemListElement\":[{\"@type\":\"ListItem\",\"position\":1,\"name\":\"Home\",\"item\":\"https:\/\/comexpumps.com\/it\/\"},{\"@type\":\"ListItem\",\"position\":2,\"name\":\"Ambiente\"}]},{\"@type\":\"WebSite\",\"@id\":\"https:\/\/comexpumps.com\/it\/#website\",\"url\":\"https:\/\/comexpumps.com\/it\/\",\"name\":\"COMEX PUMP\",\"description\":\"COMEX PUMP\",\"potentialAction\":[{\"@type\":\"SearchAction\",\"target\":{\"@type\":\"EntryPoint\",\"urlTemplate\":\"https:\/\/comexpumps.com\/it\/?s={search_term_string}\"},\"query-input\":{\"@type\":\"PropertyValueSpecification\",\"valueRequired\":true,\"valueName\":\"search_term_string\"}}],\"inLanguage\":\"it-IT\"}]}<\/script>\n<!-- \/ Yoast SEO plugin. -->","yoast_head_json":{"title":"Ambiente - COMEX PUMP","robots":{"index":"index","follow":"follow","max-snippet":"max-snippet:-1","max-image-preview":"max-image-preview:large","max-video-preview":"max-video-preview:-1"},"canonical":"https:\/\/comexpumps.com\/it\/ambiente\/","og_locale":"it_IT","og_type":"article","og_title":"Ambiente - COMEX PUMP","og_description":"AMBIENTE La sede della nostra azienda \u00e8 situata all&#8217;interno di un parco naturale che mira a preservare la flora e la fauna lungo il percorso del fiume Sile, il fiume di risorgiva pi\u00f9 lungo d&#8217;Europa. La nostra attivit\u00e0 \u00e8 iniziata molti anni fa in questo paradiso naturale e qui si \u00e8 sempre sviluppata con la [&hellip;]","og_url":"https:\/\/comexpumps.com\/it\/ambiente\/","og_site_name":"COMEX PUMP","article_modified_time":"2024-10-24T07:02:43+00:00","og_image":[{"width":2000,"height":1333,"url":"https:\/\/comexpumps.com\/wp-content\/uploads\/2024\/09\/sile_02.jpg","type":"image\/jpeg"}],"twitter_card":"summary_large_image","twitter_misc":{"Tempo di lettura stimato":"3 minuti"},"schema":{"@context":"https:\/\/schema.org","@graph":[{"@type":"WebPage","@id":"https:\/\/comexpumps.com\/it\/ambiente\/","url":"https:\/\/comexpumps.com\/it\/ambiente\/","name":"Ambiente - COMEX PUMP","isPartOf":{"@id":"https:\/\/comexpumps.com\/it\/#website"},"primaryImageOfPage":{"@id":"https:\/\/comexpumps.com\/it\/ambiente\/#primaryimage"},"image":{"@id":"https:\/\/comexpumps.com\/it\/ambiente\/#primaryimage"},"thumbnailUrl":"https:\/\/comexpumps.com\/wp-content\/uploads\/2024\/09\/sile_02.jpg","datePublished":"2022-05-31T08:30:51+00:00","dateModified":"2024-10-24T07:02:43+00:00","breadcrumb":{"@id":"https:\/\/comexpumps.com\/it\/ambiente\/#breadcrumb"},"inLanguage":"it-IT","potentialAction":[{"@type":"ReadAction","target":["https:\/\/comexpumps.com\/it\/ambiente\/"]}]},{"@type":"ImageObject","inLanguage":"it-IT","@id":"https:\/\/comexpumps.com\/it\/ambiente\/#primaryimage","url":"https:\/\/comexpumps.com\/wp-content\/uploads\/2024\/09\/sile_02.jpg","contentUrl":"https:\/\/comexpumps.com\/wp-content\/uploads\/2024\/09\/sile_02.jpg","width":2000,"height":1333},{"@type":"BreadcrumbList","@id":"https:\/\/comexpumps.com\/it\/ambiente\/#breadcrumb","itemListElement":[{"@type":"ListItem","position":1,"name":"Home","item":"https:\/\/comexpumps.com\/it\/"},{"@type":"ListItem","position":2,"name":"Ambiente"}]},{"@type":"WebSite","@id":"https:\/\/comexpumps.com\/it\/#website","url":"https:\/\/comexpumps.com\/it\/","name":"COMEX PUMP","description":"COMEX PUMP","potentialAction":[{"@type":"SearchAction","target":{"@type":"EntryPoint","urlTemplate":"https:\/\/comexpumps.com\/it\/?s={search_term_string}"},"query-input":{"@type":"PropertyValueSpecification","valueRequired":true,"valueName":"search_term_string"}}],"inLanguage":"it-IT"}]}},"_links":{"self":[{"href":"https:\/\/comexpumps.com\/it\/wp-json\/wp\/v2\/pages\/7006"}],"collection":[{"href":"https:\/\/comexpumps.com\/it\/wp-json\/wp\/v2\/pages"}],"about":[{"href":"https:\/\/comexpumps.com\/it\/wp-json\/wp\/v2\/types\/page"}],"author":[{"embeddable":true,"href":"https:\/\/comexpumps.com\/it\/wp-json\/wp\/v2\/users\/4"}],"replies":[{"embeddable":true,"href":"https:\/\/comexpumps.com\/it\/wp-json\/wp\/v2\/comments?post=7006"}],"version-history":[{"count":6,"href":"https:\/\/comexpumps.com\/it\/wp-json\/wp\/v2\/pages\/7006\/revisions"}],"predecessor-version":[{"id":7305,"href":"https:\/\/comexpumps.com\/it\/wp-json\/wp\/v2\/pages\/7006\/revisions\/7305"}],"wp:featuredmedia":[{"embeddable":true,"href":"https:\/\/comexpumps.com\/it\/wp-json\/wp\/v2\/media\/6918"}],"wp:attachment":[{"href":"https:\/\/comexpumps.com\/it\/wp-json\/wp\/v2\/media?parent=7006"}],"curies":[{"name":"wp","href":"https:\/\/api.w.org\/{rel}","templated":true}]}}